{"id":3508,"date":"2024-07-16T15:18:09","date_gmt":"2024-07-16T15:18:09","guid":{"rendered":"https:\/\/mudanzasdiagonal.com\/?page_id=3508"},"modified":"2026-01-22T15:41:54","modified_gmt":"2026-01-22T15:41:54","slug":"que-necesitas","status":"publish","type":"page","link":"https:\/\/mudanzasdiagonal.com\/que-necesitas\/","title":{"rendered":"Contacto"},"content":{"rendered":"[vc_row type=\u00bbfull_width_background\u00bb full_screen_row_position=\u00bbmiddle\u00bb column_margin=\u00bbdefault\u00bb column_direction=\u00bbdefault\u00bb column_direction_tablet=\u00bbdefault\u00bb column_direction_phone=\u00bbdefault\u00bb bg_color=\u00bb#f7f7f7&#8243; scene_position=\u00bbcenter\u00bb top_padding=\u00bb100&#8243; bottom_padding=\u00bb60&#8243; text_color=\u00bbdark\u00bb text_align=\u00bbleft\u00bb row_border_radius=\u00bbnone\u00bb row_border_radius_applies=\u00bbbg\u00bb overflow=\u00bbvisible\u00bb overlay_strength=\u00bb0.3&#8243; gradient_direction=\u00bbleft_to_right\u00bb shape_divider_position=\u00bbbottom\u00bb bg_image_animation=\u00bbnone\u00bb gradient_type=\u00bbdefault\u00bb shape_type=\u00bb\u00bb][vc_column column_padding=\u00bbno-extra-padding\u00bb column_padding_tablet=\u00bbinherit\u00bb column_padding_phone=\u00bbinherit\u00bb column_padding_position=\u00bball\u00bb column_element_direction_desktop=\u00bbdefault\u00bb column_element_spacing=\u00bbdefault\u00bb desktop_text_alignment=\u00bbdefault\u00bb tablet_text_alignment=\u00bbdefault\u00bb phone_text_alignment=\u00bbdefault\u00bb background_color_opacity=\u00bb1&#8243; background_hover_color_opacity=\u00bb1&#8243; column_backdrop_filter=\u00bbnone\u00bb column_shadow=\u00bbnone\u00bb column_border_radius=\u00bbnone\u00bb column_link_target=\u00bb_self\u00bb column_position=\u00bbdefault\u00bb gradient_direction=\u00bbleft_to_right\u00bb overlay_strength=\u00bb0.3&#8243; width=\u00bb2\/3&#8243; tablet_width_inherit=\u00bbdefault\u00bb animation_type=\u00bbdefault\u00bb bg_image_animation=\u00bbnone\u00bb border_type=\u00bbsimple\u00bb column_border_width=\u00bbnone\u00bb column_border_style=\u00bbsolid\u00bb]\n<div class=\"wpcf7 no-js\" id=\"wpcf7-f5-o1\" lang=\"es-ES\" dir=\"ltr\" data-wpcf7-id=\"5\">\n<div class=\"screen-reader-response\"><p role=\"status\" aria-live=\"polite\" aria-atomic=\"true\"><\/p> <ul><\/ul><\/div>\n<form action=\"\/index.php\/wp-json\/wp\/v2\/pages\/3508#wpcf7-f5-o1\" method=\"post\" class=\"wpcf7-form init\" aria-label=\"Formulario de contacto\" novalidate=\"novalidate\" data-status=\"init\">\n<fieldset class=\"hidden-fields-container\"><input type=\"hidden\" name=\"_wpcf7\" value=\"5\" \/><input type=\"hidden\" name=\"_wpcf7_version\" value=\"6.1.5\" \/><input type=\"hidden\" name=\"_wpcf7_locale\" value=\"es_ES\" \/><input type=\"hidden\" name=\"_wpcf7_unit_tag\" value=\"wpcf7-f5-o1\" \/><input type=\"hidden\" name=\"_wpcf7_container_post\" value=\"0\" \/><input type=\"hidden\" name=\"_wpcf7_posted_data_hash\" value=\"\" \/><input type=\"hidden\" name=\"_wpcf7_recaptcha_response\" value=\"\" \/>\n<\/fieldset>\n<p><label> Nombre y Apellidos<br \/>\n<span class=\"wpcf7-form-control-wrap\" data-name=\"your-name\"><input size=\"40\" maxlength=\"400\" class=\"wpcf7-form-control wpcf7-text wpcf7-validates-as-required\" autocomplete=\"name\" aria-required=\"true\" aria-invalid=\"false\" value=\"\" type=\"text\" name=\"your-name\" \/><\/span> <\/label>\n<\/p>\n<p><label> Empresa<br \/>\n<span class=\"wpcf7-form-control-wrap\" data-name=\"text-616\"><input size=\"40\" maxlength=\"400\" class=\"wpcf7-form-control wpcf7-text\" aria-invalid=\"false\" value=\"Empresa\" type=\"text\" name=\"text-616\" \/><\/span><\/label>\n<\/p>\n<p><label> Tel\u00e9fono<br \/>\n<span class=\"wpcf7-form-control-wrap\" data-name=\"tel-537\"><input size=\"40\" maxlength=\"400\" class=\"wpcf7-form-control wpcf7-tel wpcf7-text wpcf7-validates-as-tel\" aria-invalid=\"false\" value=\"\" type=\"tel\" name=\"tel-537\" \/><\/span><\/label>\n<\/p>\n<p><label> Correo electr\u00f3nico<br \/>\n<span class=\"wpcf7-form-control-wrap\" data-name=\"your-email\"><input size=\"40\" maxlength=\"400\" class=\"wpcf7-form-control wpcf7-email wpcf7-validates-as-required wpcf7-text wpcf7-validates-as-email\" autocomplete=\"email\" aria-required=\"true\" aria-invalid=\"false\" value=\"\" type=\"email\" name=\"your-email\" \/><\/span> <\/label>\n<\/p>\n<p><label> Tu mensaje (opcional)<br \/>\n<span class=\"wpcf7-form-control-wrap\" data-name=\"your-message\"><textarea cols=\"40\" rows=\"10\" maxlength=\"2000\" class=\"wpcf7-form-control wpcf7-textarea\" aria-invalid=\"false\" name=\"your-message\"><\/textarea><\/span> <\/label>\n<\/p>\n<p><span class=\"wpcf7-form-control-wrap\" data-name=\"acceptance-266\"><span class=\"wpcf7-form-control wpcf7-acceptance\"><span class=\"wpcf7-list-item\"><label><input type=\"checkbox\" name=\"acceptance-266\" value=\"1\" aria-invalid=\"false\" \/><span class=\"wpcf7-list-item-label\"><a href=\"https:\/\/mudanzasdiagonal.com\/index.php\/politica-de-privacidad\/\">He le\u00eddo y acepto el Aviso Legal y la Pol\u00edtica de Privacidad <\/a><\/span><\/label><\/span><\/span><\/span>\n<\/p>\n<p><input class=\"wpcf7-form-control wpcf7-submit has-spinner\" type=\"submit\" value=\"Enviar\" \/>\n<\/p>\n<div style=\"margin-top: 30px; font-size:12px; color:#bbb\"; line-height:12px>\n\t<p>En virtud de lo establecido en la Ley Org\u00e1nica 3\/2018, LOPD-GDD y el Reglamento Europeo 2016\/679, RGPD de Protecci\u00f3n de Datos de car\u00e1cter personal le informamos que sus datos pasar\u00e1n a formar parte de un fichero titularidad de Diagonal International Moving S.L. La informaci\u00f3n registrada se utilizar\u00e1 para informarle por cualquier medio electr\u00f3nico de nuestras novedades y\/o informaci\u00f3n de la entidad. Puede ejercer los derechos de acceso, rectificaci\u00f3n, portabilidad y supresi\u00f3n de sus datos y los de limitaci\u00f3n y oposici\u00f3n del tratamiento en Pol. Ind. Mol\u00ed dels Frares, Calle C, Nave 7, 08620, Barcelona o enviando un correo electr\u00f3nico a info@mudanzasdiagonal.com. En cumplimiento de la Ley 34\/2002 del 11 de julio, de Servicios de la Sociedad de la Informaci\u00f3n y de Comercio electr\u00f3nico e Internet, le informamos que puede revocar en cualquier momento, de forma sencilla y gratuita, el consentimiento para la recepci\u00f3n de correo electr\u00f3nico enviando un correo electr\u00f3nico con su solicitud a: info@mudanzasdiagonal.com.\n\t<\/p>\n<\/div><div class=\"wpcf7-response-output\" aria-hidden=\"true\"><\/div>\n<\/form>\n<\/div>\n[\/vc_column][vc_column column_padding=\u00bbno-extra-padding\u00bb column_padding_tablet=\u00bbinherit\u00bb column_padding_phone=\u00bbinherit\u00bb column_padding_position=\u00bball\u00bb column_element_direction_desktop=\u00bbdefault\u00bb column_element_spacing=\u00bbdefault\u00bb desktop_text_alignment=\u00bbdefault\u00bb tablet_text_alignment=\u00bbdefault\u00bb phone_text_alignment=\u00bbdefault\u00bb background_color_opacity=\u00bb1&#8243; background_hover_color_opacity=\u00bb1&#8243; column_backdrop_filter=\u00bbnone\u00bb column_shadow=\u00bbnone\u00bb column_border_radius=\u00bbnone\u00bb column_link_target=\u00bb_self\u00bb column_position=\u00bbdefault\u00bb gradient_direction=\u00bbleft_to_right\u00bb overlay_strength=\u00bb0.3&#8243; width=\u00bb1\/3&#8243; tablet_width_inherit=\u00bbdefault\u00bb animation_type=\u00bbdefault\u00bb bg_image_animation=\u00bbnone\u00bb border_type=\u00bbsimple\u00bb column_border_width=\u00bbnone\u00bb column_border_style=\u00bbsolid\u00bb][vc_column_text css=\u00bb\u00bb text_direction=\u00bbdefault\u00bb]<strong>Propietario<\/strong><br \/>\n<strong>Director General<\/strong><br \/>\nIv\u00e1n Garc\u00eda<br \/>\n<a href=\"mailto:igarcia@mudanzasdiagonal.com\">igarcia@mudanzasdiagonal.com<\/a><\/p>\n<p><strong>Propietaria<\/strong><br \/>\n<strong>Direcci\u00f3n y Administraci\u00f3n<\/strong><br \/>\nMaria del Mar Serrano<br \/>\n<a href=\"mailto:mserrano@mudanzasdiagonal.com\">mserrano@mudanzasdiagonal.com<\/a><\/p>\n<p><strong>Contabilidad y Finanzas<\/strong><br \/>\n<strong>Mireia Gargallo<\/strong><br \/>\n<a href=\"mailto:contabilidad@mudanzasdiagonal.com\">contabilidad@mudanzasdiagonal.com<\/a><\/p>\n<p><strong>Mudanzas Internacionales<\/strong><br \/>\n<strong>Maria del Mar P\u00e9rez<\/strong><br \/>\n<a href=\"mailto:mperez@mudanzasdiagonal.com\">mperez@mudanzasdiagonal.com<\/a><\/p>\n<p><strong>Mudanzas Europa y Partners<\/strong><br \/>\n<strong>Daniel Cort\u00e9s<\/strong><br \/>\n<a href=\"mailto:dcortes@mudanzasdiagonal.com\">dcortes@mudanzasdiagonal.com<\/a><\/p>\n<p><strong>Mudanzas Locales, Nacionales y Guardamuebles<\/strong><br \/>\n<strong>Helena Herrero<\/strong><br \/>\n<a href=\"mailto:diagonal@mudanzasdiagonal.com\">diagonal@mudanzasdiagonal.com<\/a><\/p>\n<p><strong>Organizadora profesional<\/strong><br \/>\n<strong>Paula Thyere Silva<\/strong><br \/>\n<a href=\"mailto:md@mudanzasdiagonal.com\">md@mudanzasdiagonal.com<\/a><\/p>\n<p><strong>Marketing y comunicaci\u00f3n<\/strong><br \/>\n<a href=\"mailto:marketing@mudanzasdiagonal.com\">marketing@mudanzasdiagonal.com<\/a><\/p>\n<p><strong>Operaciones<\/strong><br \/>\nNuestro equipo de operaciones se compone de un personal fijo, asegurado y con una antig\u00fcedad de hasta 20 a\u00f1os en algunos casos.[\/vc_column_text][\/vc_column][\/vc_row][vc_row type=\u00bbfull_width_background\u00bb full_screen_row_position=\u00bbmiddle\u00bb column_margin=\u00bbdefault\u00bb column_direction=\u00bbdefault\u00bb column_direction_tablet=\u00bbdefault\u00bb column_direction_phone=\u00bbdefault\u00bb bg_color=\u00bb#282828&#8243; scene_position=\u00bbcenter\u00bb top_padding=\u00bb70&#8243; bottom_padding=\u00bb70&#8243; text_color=\u00bblight\u00bb text_align=\u00bbcenter\u00bb row_border_radius=\u00bbnone\u00bb row_border_radius_applies=\u00bbbg\u00bb overflow=\u00bbvisible\u00bb overlay_strength=\u00bb0.3&#8243; gradient_direction=\u00bbleft_to_right\u00bb shape_divider_position=\u00bbbottom\u00bb bg_image_animation=\u00bbnone\u00bb][vc_column column_padding=\u00bbno-extra-padding\u00bb column_padding_tablet=\u00bbinherit\u00bb column_padding_phone=\u00bbinherit\u00bb column_padding_position=\u00bball\u00bb column_element_direction_desktop=\u00bbdefault\u00bb column_element_spacing=\u00bbdefault\u00bb desktop_text_alignment=\u00bbdefault\u00bb tablet_text_alignment=\u00bbdefault\u00bb phone_text_alignment=\u00bbdefault\u00bb background_color_opacity=\u00bb1&#8243; background_hover_color_opacity=\u00bb1&#8243; column_backdrop_filter=\u00bbnone\u00bb column_shadow=\u00bbnone\u00bb column_border_radius=\u00bbnone\u00bb column_link_target=\u00bb_self\u00bb column_position=\u00bbdefault\u00bb gradient_direction=\u00bbleft_to_right\u00bb overlay_strength=\u00bb0.3&#8243; width=\u00bb1\/1&#8243; tablet_width_inherit=\u00bbdefault\u00bb animation_type=\u00bbdefault\u00bb bg_image_animation=\u00bbnone\u00bb border_type=\u00bbsimple\u00bb column_border_width=\u00bbnone\u00bb column_border_style=\u00bbsolid\u00bb][vc_column_text css=\u00bb\u00bb text_direction=\u00bbdefault\u00bb]\n<h2>En Mudanzas Diagonal, realizamos mudanzas integrales, personalizadas, aportando soluciones a medida para cada necesidad.<\/h2>\n[\/vc_column_text][\/vc_column][\/vc_row][vc_row type=\u00bbfull_width_content\u00bb full_screen_row_position=\u00bbmiddle\u00bb column_margin=\u00bbdefault\u00bb column_direction=\u00bbdefault\u00bb column_direction_tablet=\u00bbdefault\u00bb column_direction_phone=\u00bbdefault\u00bb scene_position=\u00bbcenter\u00bb text_color=\u00bbdark\u00bb text_align=\u00bbleft\u00bb row_border_radius=\u00bbnone\u00bb row_border_radius_applies=\u00bbbg\u00bb overflow=\u00bbvisible\u00bb overlay_strength=\u00bb0.3&#8243; gradient_direction=\u00bbleft_to_right\u00bb shape_divider_position=\u00bbbottom\u00bb bg_image_animation=\u00bbnone\u00bb gradient_type=\u00bbdefault\u00bb shape_type=\u00bb\u00bb][vc_column column_padding=\u00bbno-extra-padding\u00bb column_padding_tablet=\u00bbinherit\u00bb column_padding_phone=\u00bbinherit\u00bb column_padding_position=\u00bball\u00bb column_element_direction_desktop=\u00bbdefault\u00bb column_element_spacing=\u00bbdefault\u00bb desktop_text_alignment=\u00bbdefault\u00bb tablet_text_alignment=\u00bbdefault\u00bb phone_text_alignment=\u00bbdefault\u00bb background_color_opacity=\u00bb1&#8243; background_hover_color_opacity=\u00bb1&#8243; column_backdrop_filter=\u00bbnone\u00bb column_shadow=\u00bbnone\u00bb column_border_radius=\u00bbnone\u00bb column_link_target=\u00bb_self\u00bb column_position=\u00bbdefault\u00bb gradient_direction=\u00bbleft_to_right\u00bb overlay_strength=\u00bb0.3&#8243; width=\u00bb1\/1&#8243; tablet_width_inherit=\u00bbdefault\u00bb animation_type=\u00bbdefault\u00bb bg_image_animation=\u00bbnone\u00bb border_type=\u00bbsimple\u00bb column_border_width=\u00bbnone\u00bb column_border_style=\u00bbsolid\u00bb][vc_column_text css=\u00bb\u00bb text_direction=\u00bbdefault\u00bb]<iframe style=\"border: 0;\" src=\"https:\/\/www.google.com\/maps\/embed?pb=!1m18!1m12!1m3!1d2992.675962142824!2d1.9973255127872294!3d41.40284299491499!2m3!1f0!2f0!3f0!3m2!1i1024!2i768!4f13.1!3m3!1m2!1s0x12a49ac79090873b%3A0xc84875bea26a74db!2sMudanzas%20Diagonal!5e0!3m2!1ses!2ses!4v1721141940965!5m2!1ses!2ses\" width=\"100%\" height=\"450\" allowfullscreen=\"allowfullscreen\"><\/iframe>[\/vc_column_text][\/vc_column][\/vc_row]\n","protected":false},"excerpt":{"rendered":"<p>[vc_row type=\u00bbfull_width_background\u00bb full_screen_row_position=\u00bbmiddle\u00bb column_margin=\u00bbdefault\u00bb column_direction=\u00bbdefault\u00bb column_direction_tablet=\u00bbdefault\u00bb column_direction_phone=\u00bbdefault\u00bb bg_color=\u00bb#f7f7f7&#8243; scene_position=\u00bbcenter\u00bb top_padding=\u00bb100&#8243; bottom_padding=\u00bb60&#8243; text_color=\u00bbdark\u00bb text_align=\u00bbleft\u00bb row_border_radius=\u00bbnone\u00bb row_border_radius_applies=\u00bbbg\u00bb overflow=\u00bbvisible\u00bb overlay_strength=\u00bb0.3&#8243; gradient_direction=\u00bbleft_to_right\u00bb shape_divider_position=\u00bbbottom\u00bb bg_image_animation=\u00bbnone\u00bb gradient_type=\u00bbdefault\u00bb shape_type=\u00bb\u00bb][vc_column column_padding=\u00bbno-extra-padding\u00bb column_padding_tablet=\u00bbinherit\u00bb column_padding_phone=\u00bbinherit\u00bb column_padding_position=\u00bball\u00bb column_element_direction_desktop=\u00bbdefault\u00bb column_element_spacing=\u00bbdefault\u00bb desktop_text_alignment=\u00bbdefault\u00bb tablet_text_alignment=\u00bbdefault\u00bb&#8230;<\/p>\n","protected":false},"author":2,"featured_media":0,"parent":0,"menu_order":12,"comment_status":"closed","ping_status":"closed","template":"","meta":{"footnotes":""},"class_list":["post-3508","page","type-page","status-publish"],"yoast_head":"<!-- This site is optimized with the Yoast SEO plugin v27.3 - https:\/\/yoast.com\/product\/yoast-seo-wordpress\/ -->\n<title>Contacto - Mudanzas Diagonal<\/title>\n<meta name=\"robots\" content=\"index, follow, max-snippet:-1, max-image-preview:large, max-video-preview:-1\" \/>\n<link rel=\"canonical\" href=\"https:\/\/mudanzasdiagonal.com\/que-necesitas\/\" \/>\n<meta property=\"og:locale\" content=\"es_ES\" \/>\n<meta property=\"og:type\" content=\"article\" \/>\n<meta property=\"og:title\" content=\"Contacto - Mudanzas Diagonal\" \/>\n<meta property=\"og:description\" content=\"[vc_row type=\u00bbfull_width_background\u00bb full_screen_row_position=\u00bbmiddle\u00bb column_margin=\u00bbdefault\u00bb column_direction=\u00bbdefault\u00bb column_direction_tablet=\u00bbdefault\u00bb column_direction_phone=\u00bbdefault\u00bb bg_color=\u00bb#f7f7f7&#8243; scene_position=\u00bbcenter\u00bb top_padding=\u00bb100&#8243; bottom_padding=\u00bb60&#8243; text_color=\u00bbdark\u00bb text_align=\u00bbleft\u00bb row_border_radius=\u00bbnone\u00bb row_border_radius_applies=\u00bbbg\u00bb overflow=\u00bbvisible\u00bb overlay_strength=\u00bb0.3&#8243; gradient_direction=\u00bbleft_to_right\u00bb shape_divider_position=\u00bbbottom\u00bb bg_image_animation=\u00bbnone\u00bb gradient_type=\u00bbdefault\u00bb shape_type=\u00bb\u00bb][vc_column column_padding=\u00bbno-extra-padding\u00bb column_padding_tablet=\u00bbinherit\u00bb column_padding_phone=\u00bbinherit\u00bb column_padding_position=\u00bball\u00bb column_element_direction_desktop=\u00bbdefault\u00bb column_element_spacing=\u00bbdefault\u00bb desktop_text_alignment=\u00bbdefault\u00bb tablet_text_alignment=\u00bbdefault\u00bb...\" \/>\n<meta property=\"og:url\" content=\"https:\/\/mudanzasdiagonal.com\/que-necesitas\/\" \/>\n<meta property=\"og:site_name\" content=\"Mudanzas Diagonal\" \/>\n<meta property=\"article:publisher\" content=\"https:\/\/www.facebook.com\/mudanzasdiagonal\/\" \/>\n<meta property=\"article:modified_time\" content=\"2026-01-22T15:41:54+00:00\" \/>\n<meta property=\"og:image\" content=\"https:\/\/mudanzasdiagonal.com\/wp-content\/uploads\/2024\/07\/2empresa.jpg\" \/>\n\t<meta property=\"og:image:width\" content=\"1201\" \/>\n\t<meta property=\"og:image:height\" content=\"540\" \/>\n\t<meta property=\"og:image:type\" content=\"image\/jpeg\" \/>\n<meta name=\"twitter:card\" content=\"summary_large_image\" \/>\n<meta name=\"twitter:label1\" content=\"Tiempo de lectura\" \/>\n\t<meta name=\"twitter:data1\" content=\"2 minutos\" \/>\n<script type=\"application\/ld+json\" class=\"yoast-schema-graph\">{\"@context\":\"https:\\\/\\\/schema.org\",\"@graph\":[{\"@type\":\"WebPage\",\"@id\":\"https:\\\/\\\/mudanzasdiagonal.com\\\/que-necesitas\\\/\",\"url\":\"https:\\\/\\\/mudanzasdiagonal.com\\\/que-necesitas\\\/\",\"name\":\"Contacto - Mudanzas Diagonal\",\"isPartOf\":{\"@id\":\"https:\\\/\\\/mudanzasdiagonal.com\\\/#website\"},\"datePublished\":\"2024-07-16T15:18:09+00:00\",\"dateModified\":\"2026-01-22T15:41:54+00:00\",\"breadcrumb\":{\"@id\":\"https:\\\/\\\/mudanzasdiagonal.com\\\/que-necesitas\\\/#breadcrumb\"},\"inLanguage\":\"es\",\"potentialAction\":[{\"@type\":\"ReadAction\",\"target\":[\"https:\\\/\\\/mudanzasdiagonal.com\\\/que-necesitas\\\/\"]}]},{\"@type\":\"BreadcrumbList\",\"@id\":\"https:\\\/\\\/mudanzasdiagonal.com\\\/que-necesitas\\\/#breadcrumb\",\"itemListElement\":[{\"@type\":\"ListItem\",\"position\":1,\"name\":\"Portada\",\"item\":\"https:\\\/\\\/mudanzasdiagonal.com\\\/\"},{\"@type\":\"ListItem\",\"position\":2,\"name\":\"Contacto\"}]},{\"@type\":\"WebSite\",\"@id\":\"https:\\\/\\\/mudanzasdiagonal.com\\\/#website\",\"url\":\"https:\\\/\\\/mudanzasdiagonal.com\\\/\",\"name\":\"Mudanzas Diagonal\",\"description\":\"En mudanzas diagonal, realizamos mudanzas integrales, personalizadas, aportando soluciones a medida para cada necesidad\",\"publisher\":{\"@id\":\"https:\\\/\\\/mudanzasdiagonal.com\\\/#organization\"},\"alternateName\":\"Diagonal\",\"potentialAction\":[{\"@type\":\"SearchAction\",\"target\":{\"@type\":\"EntryPoint\",\"urlTemplate\":\"https:\\\/\\\/mudanzasdiagonal.com\\\/?s={search_term_string}\"},\"query-input\":{\"@type\":\"PropertyValueSpecification\",\"valueRequired\":true,\"valueName\":\"search_term_string\"}}],\"inLanguage\":\"es\"},{\"@type\":\"Organization\",\"@id\":\"https:\\\/\\\/mudanzasdiagonal.com\\\/#organization\",\"name\":\"Mudanzas Diagonal\",\"url\":\"https:\\\/\\\/mudanzasdiagonal.com\\\/\",\"logo\":{\"@type\":\"ImageObject\",\"inLanguage\":\"es\",\"@id\":\"https:\\\/\\\/mudanzasdiagonal.com\\\/#\\\/schema\\\/logo\\\/image\\\/\",\"url\":\"https:\\\/\\\/mudanzasdiagonal.com\\\/wp-content\\\/uploads\\\/2024\\\/07\\\/logo.png\",\"contentUrl\":\"https:\\\/\\\/mudanzasdiagonal.com\\\/wp-content\\\/uploads\\\/2024\\\/07\\\/logo.png\",\"width\":473,\"height\":177,\"caption\":\"Mudanzas Diagonal\"},\"image\":{\"@id\":\"https:\\\/\\\/mudanzasdiagonal.com\\\/#\\\/schema\\\/logo\\\/image\\\/\"},\"sameAs\":[\"https:\\\/\\\/www.facebook.com\\\/mudanzasdiagonal\\\/\",\"https:\\\/\\\/www.instagram.com\\\/mudanzasdiagonal\\\/\"]}]}<\/script>\n<!-- \/ Yoast SEO plugin. -->","yoast_head_json":{"title":"Contacto - Mudanzas Diagonal","robots":{"index":"index","follow":"follow","max-snippet":"max-snippet:-1","max-image-preview":"max-image-preview:large","max-video-preview":"max-video-preview:-1"},"canonical":"https:\/\/mudanzasdiagonal.com\/que-necesitas\/","og_locale":"es_ES","og_type":"article","og_title":"Contacto - Mudanzas Diagonal","og_description":"[vc_row type=\u00bbfull_width_background\u00bb full_screen_row_position=\u00bbmiddle\u00bb column_margin=\u00bbdefault\u00bb column_direction=\u00bbdefault\u00bb column_direction_tablet=\u00bbdefault\u00bb column_direction_phone=\u00bbdefault\u00bb bg_color=\u00bb#f7f7f7&#8243; scene_position=\u00bbcenter\u00bb top_padding=\u00bb100&#8243; bottom_padding=\u00bb60&#8243; text_color=\u00bbdark\u00bb text_align=\u00bbleft\u00bb row_border_radius=\u00bbnone\u00bb row_border_radius_applies=\u00bbbg\u00bb overflow=\u00bbvisible\u00bb overlay_strength=\u00bb0.3&#8243; gradient_direction=\u00bbleft_to_right\u00bb shape_divider_position=\u00bbbottom\u00bb bg_image_animation=\u00bbnone\u00bb gradient_type=\u00bbdefault\u00bb shape_type=\u00bb\u00bb][vc_column column_padding=\u00bbno-extra-padding\u00bb column_padding_tablet=\u00bbinherit\u00bb column_padding_phone=\u00bbinherit\u00bb column_padding_position=\u00bball\u00bb column_element_direction_desktop=\u00bbdefault\u00bb column_element_spacing=\u00bbdefault\u00bb desktop_text_alignment=\u00bbdefault\u00bb tablet_text_alignment=\u00bbdefault\u00bb...","og_url":"https:\/\/mudanzasdiagonal.com\/que-necesitas\/","og_site_name":"Mudanzas Diagonal","article_publisher":"https:\/\/www.facebook.com\/mudanzasdiagonal\/","article_modified_time":"2026-01-22T15:41:54+00:00","og_image":[{"width":1201,"height":540,"url":"https:\/\/mudanzasdiagonal.com\/wp-content\/uploads\/2024\/07\/2empresa.jpg","type":"image\/jpeg"}],"twitter_card":"summary_large_image","twitter_misc":{"Tiempo de lectura":"2 minutos"},"schema":{"@context":"https:\/\/schema.org","@graph":[{"@type":"WebPage","@id":"https:\/\/mudanzasdiagonal.com\/que-necesitas\/","url":"https:\/\/mudanzasdiagonal.com\/que-necesitas\/","name":"Contacto - Mudanzas Diagonal","isPartOf":{"@id":"https:\/\/mudanzasdiagonal.com\/#website"},"datePublished":"2024-07-16T15:18:09+00:00","dateModified":"2026-01-22T15:41:54+00:00","breadcrumb":{"@id":"https:\/\/mudanzasdiagonal.com\/que-necesitas\/#breadcrumb"},"inLanguage":"es","potentialAction":[{"@type":"ReadAction","target":["https:\/\/mudanzasdiagonal.com\/que-necesitas\/"]}]},{"@type":"BreadcrumbList","@id":"https:\/\/mudanzasdiagonal.com\/que-necesitas\/#breadcrumb","itemListElement":[{"@type":"ListItem","position":1,"name":"Portada","item":"https:\/\/mudanzasdiagonal.com\/"},{"@type":"ListItem","position":2,"name":"Contacto"}]},{"@type":"WebSite","@id":"https:\/\/mudanzasdiagonal.com\/#website","url":"https:\/\/mudanzasdiagonal.com\/","name":"Mudanzas Diagonal","description":"En mudanzas diagonal, realizamos mudanzas integrales, personalizadas, aportando soluciones a medida para cada necesidad","publisher":{"@id":"https:\/\/mudanzasdiagonal.com\/#organization"},"alternateName":"Diagonal","potentialAction":[{"@type":"SearchAction","target":{"@type":"EntryPoint","urlTemplate":"https:\/\/mudanzasdiagonal.com\/?s={search_term_string}"},"query-input":{"@type":"PropertyValueSpecification","valueRequired":true,"valueName":"search_term_string"}}],"inLanguage":"es"},{"@type":"Organization","@id":"https:\/\/mudanzasdiagonal.com\/#organization","name":"Mudanzas Diagonal","url":"https:\/\/mudanzasdiagonal.com\/","logo":{"@type":"ImageObject","inLanguage":"es","@id":"https:\/\/mudanzasdiagonal.com\/#\/schema\/logo\/image\/","url":"https:\/\/mudanzasdiagonal.com\/wp-content\/uploads\/2024\/07\/logo.png","contentUrl":"https:\/\/mudanzasdiagonal.com\/wp-content\/uploads\/2024\/07\/logo.png","width":473,"height":177,"caption":"Mudanzas Diagonal"},"image":{"@id":"https:\/\/mudanzasdiagonal.com\/#\/schema\/logo\/image\/"},"sameAs":["https:\/\/www.facebook.com\/mudanzasdiagonal\/","https:\/\/www.instagram.com\/mudanzasdiagonal\/"]}]}},"_links":{"self":[{"href":"https:\/\/mudanzasdiagonal.com\/wp-json\/wp\/v2\/pages\/3508","targetHints":{"allow":["GET"]}}],"collection":[{"href":"https:\/\/mudanzasdiagonal.com\/wp-json\/wp\/v2\/pages"}],"about":[{"href":"https:\/\/mudanzasdiagonal.com\/wp-json\/wp\/v2\/types\/page"}],"author":[{"embeddable":true,"href":"https:\/\/mudanzasdiagonal.com\/wp-json\/wp\/v2\/users\/2"}],"replies":[{"embeddable":true,"href":"https:\/\/mudanzasdiagonal.com\/wp-json\/wp\/v2\/comments?post=3508"}],"version-history":[{"count":12,"href":"https:\/\/mudanzasdiagonal.com\/wp-json\/wp\/v2\/pages\/3508\/revisions"}],"predecessor-version":[{"id":3806,"href":"https:\/\/mudanzasdiagonal.com\/wp-json\/wp\/v2\/pages\/3508\/revisions\/3806"}],"wp:attachment":[{"href":"https:\/\/mudanzasdiagonal.com\/wp-json\/wp\/v2\/media?parent=3508"}],"curies":[{"name":"wp","href":"https:\/\/api.w.org\/{rel}","templated":true}]}}